{"id":474,"date":"2018-04-18T13:01:17","date_gmt":"2018-04-18T16:01:17","guid":{"rendered":"http:\/\/arquivohistoricoacia.com.br\/site\/?page_id=474"},"modified":"2018-04-18T18:50:27","modified_gmt":"2018-04-18T21:50:27","slug":"acia-e-o-daia","status":"publish","type":"page","link":"https:\/\/arquivohistoricoacia.com.br\/site\/acia-e-o-daia\/","title":{"rendered":"ACIA E O DAIA"},"content":{"rendered":"<p>[vc_row][vc_column width=&#8221;1\/4&#8243;][vc_btn title=&#8221;VOLTAR AO IN\u00cdCIO&#8221; style=&#8221;custom&#8221; custom_background=&#8221;#722d18&#8243; custom_text=&#8221;#ffffff&#8221; link=&#8221;url:%2Fsite%2F|||&#8221;][\/vc_column][vc_column width=&#8221;1\/4&#8243;][vc_btn title=&#8221;ACIA E A BASE A\u00c9REA&#8221; style=&#8221;custom&#8221; custom_background=&#8221;#722d18&#8243; custom_text=&#8221;#ffffff&#8221; link=&#8221;url:%2Fsite%2Facia-e-base-aerea|||&#8221;][\/vc_column][vc_column width=&#8221;1\/4&#8243;][vc_btn title=&#8221;ACIA E O DAIA&#8221; style=&#8221;custom&#8221; custom_background=&#8221;#722d18&#8243; custom_text=&#8221;#ffffff&#8221; link=&#8221;url:%2Fsite%2Facia-e-o-daia%2F|||&#8221;][\/vc_column][vc_column width=&#8221;1\/4&#8243;][vc_btn title=&#8221;PRESIDENTES&#8221; style=&#8221;custom&#8221; custom_background=&#8221;#722d18&#8243; custom_text=&#8221;#ffffff&#8221; link=&#8221;url:%2Fsite%2Fpresidentes%2F|||&#8221;][\/vc_column][\/vc_row]<\/p>\n<p>A reuni\u00e3o que aconteceu no dia 16 de abril de 1975, convocada em car\u00e1ter extraordin\u00e1rio, foi para dar conta \u00e0 assembl\u00e9ia da reuni\u00e3o havida dos diretores Sultan Falluh, Nelson de Abreu e Ruy Abdalla com o novo prefeito Jamel Cec\u00edlio, tratando de provid\u00eancias para a implanta\u00e7\u00e3o do Distrito Agro Industrial de An\u00e1polis.<\/p>\n<p>Ali\u00e1s, em reuni\u00e3o havida com o Sr. Governador do estado, Dr. Irapuan Costa Junior esse assunto j\u00e1 havia sido ventilado, explicando o Sr, Governador que o problema maior era a falta de dinheiro, que ele o estava buscando para levar avante o projeto.<\/p>\n<p>Da reuni\u00e3o com o Prefeito, Jamel Cec\u00edlio, a comiss\u00e3o dos tr\u00eas representantes da ACIA fizeram quest\u00e3o de constar em ata o que afirmou o alcaide:<\/p>\n<p>\u201cOportunidade em que teve do Prefeito a promessa de que iria contra tudo e contra todos, caso a industrializa\u00e7\u00e3o da cidade assim o exigisse\u201d.<br \/>\n(Cf. Ata de 16\/04\/1975, Livro Presidente Sultan Falluh, p\u00e1g. s\/n\u00ba).<\/p>\n<p>O EMBRI\u00c3O INDUSTRIAL<\/p>\n<p>Inegavelmente, An\u00e1polis, hoje se constitui como um polo industrial, com amplas possibilidades de se tornar um dos maiores do pa\u00eds. Muitos afirmam que o munic\u00edpio, embora com sua \u00e1rea f\u00edsica reduzida, desde priscas eras, nasceu com a voca\u00e7\u00e3o industrial.<\/p>\n<p>N\u00e3o \u00e9 bem assim. O que fez An\u00e1polis progredir e destacar-se como munic\u00edpio, sempre crescente, em evolu\u00e7\u00e3o, foi, deveras \u00e0 sua situa\u00e7\u00e3o geogr\u00e1fica, privilegiada, assentada no cruzamento de estradas, auxiliada pela fertilidade de suas terras, tidas como de culturas, onde se fixaram os produtores de caf\u00e9, de cerais e criadores de gado, fazendo da regi\u00e3o chamada \u201cMato Grosso de Goias\u201d, a mais habitada e a mais produtiva do Estado.<\/p>\n<p>Sobre o processo industrial, lembro-me do Querubino Batista, no final dos anos vinte, um homem alto, robusto, claro, de cabelos e barbas aparados, postado junto \u00e0 fornalha. acionando o fole, que soprava as brasas, alimentando o fogo para encandecer peda\u00e7os de ferro, com os quais fabricava os cravos para a ferragem das rodas dos famosos e lend\u00e1rios carros de bois. De fato, de longe vinham as pe\u00e7as \u2013 mesas e rodas dos carros, j\u00e1 prontas \u2013 para receberem os refor\u00e7os das ferragens, sobretudo, o cravejamento das rodas. Digno de admira\u00e7\u00e3o foi o trabalho do Querubino, um ex\u00edmio artes\u00e3o de fam\u00edlia tradicional do lugar, que era muito conhecido pelo uso de seu fumarento caximbo.<\/p>\n<p>A d\u00e9cada de trinta, de fato marca o inicio do nosso processo de industrializa\u00e7\u00e3o. As chegadas das fam\u00edlias de Jad Salom\u00e3o, Luiz Carpaneda irm\u00e3os Steckelberg, assinalam a amplia\u00e7\u00e3o do setor, j\u00e1 iniciado por Anisio Cecilio e Jo\u00e3o Pedreiro (Dib Hajjar), Carlos Elias e Victor Soares de Azevedo que haviam assentadas, aqui, as primeiras maquinas para beneficiamento de caf\u00e9.<\/p>\n<p>Todavia \u00e9 oportuno e justo salientar que o setor cer\u00e2mico que veio, logo, contribuir, e muito, para a constru\u00e7\u00e3o de Goiania. A primeira olaria para fabrica\u00e7\u00e3o de tijolos foi instalada junto ao c\u00f3rrego Olaria por Bruno de Tal, no ano de 1921 que fabricou as telhas e tijolos para a constru\u00e7\u00e3o da bonita casa do Chico Silv\u00e9rio.<\/p>\n<p>Depois, foi o palestino Jad Salom\u00e3o, professor, homem de cultura que aqui chegou com sua fam\u00edlia, procedente de Araguari e instalou a primeira cer\u00e2mica fabricando telhas francesas, obtidas por prensa manual, \u00e0 falta de energia, ainda escassa no ano de 1932.<\/p>\n<p>Logo mais, o Sr. Fortunato Dafico, instalou outra cer\u00e2mica, em sua propriedade no Catinqueiro e lan\u00e7ou no mercado, tijolos prensados e telhas de melhor qualidade, que foram aceitos, sobretudo, na implanta\u00e7\u00e3o de Goi\u00e2nia. para onde carrearam os produtos cer\u00e2micos, aqui produzidos, para as constru\u00e7\u00f5es ali levantadas.<\/p>\n<p>O setor prosperou. Muitas outras cer\u00e2micas surgiram na baixada da fazenda conhecida como Lagoa Formosa, e ao tempo da implanta\u00e7\u00e3o de Brasilia foram as que mais contribu\u00edram com seus produtos para as bonitas constru\u00e7\u00f5es da nova capital do Brasil.<\/p>\n<p>O conjunto de instala\u00e7\u00f5es do Sr. Fortunato Dafico foi adquirido pela firma Pina Naghetini que passou a fabricar, tamb\u00e9m manilhas, mosaicos e outros artefatos.<\/p>\n<p>Foram instaladas muitas outras cer\u00e2micas e o bairro ficou conhecido como Vila Fabril, sobretudo pela constru\u00e7\u00e3o do Frigorifico, j\u00e1 desenvolvido pela fam\u00edlia Leyzer, de Ipameri.<\/p>\n<p>Todavia o processo de industrializa\u00e7\u00e3o de An\u00e1polis, toma impulso consolidando-se na d\u00e9cada de 1970, quando foi criado o Distrito Agro Industrial de An\u00e1polis, inaugurado pelo presidente Ernesto Gaisel em 9 de novembro de 1976.<\/p>\n<p>O DAIA<\/p>\n<p>O D A I A, abreviatura do nosso Distrito Agro Industrial de An\u00e1polis, tem uma hist\u00f3ria interessante. Dir-se-ia obediente ao preceito da sabedoria popular. \u201cA necessidade \u00e9 a m\u00e3e de todas as inven\u00e7\u00f5es\u201d.<\/p>\n<p>Ao iniciar a d\u00e9cada de setenta, dez anos ap\u00f3s a inaugura\u00e7\u00e3o de Brasilia, a segunda grande capital que An\u00e1polis ajudou a implantar, assinalava o decl\u00ednio do nosso setor econ\u00f4nimo, com a sens\u00edvel diminui\u00e7\u00e3o do nosso potencial, como o maior entareposto de cereais, no centro do pa\u00eds.<\/p>\n<p>Come\u00e7aram a surgjr, e estruturar, as primeiras Faculdades de Ensino Superior. O setor cer\u00e2mico consolidava-se, estimulado pelo crescimento de ind\u00fastrias, instaladas para atender a demanda crescente, com a implanta\u00e7\u00e3o de Bras\u00edlia.<\/p>\n<p>Algu\u00e9m idealizou concentrar, fora da cidade, v\u00e1rias ind\u00fastrias que j\u00e1 manifestavam desejo de aqui se instalarem.<\/p>\n<p>Da apraoxima\u00e7\u00e3o da Diretoria da Acia, chefiada por Ruy Abdala, acompnhado de v\u00e1rios diretores, com o Governador Leonino di Ramos Caiado nasceu o desejo de se intalaar, no lado sul da nossa cidade, um polo industrial, em terreno plano e aberto, com a necess\u00e1ria infra-estrutura, com energia el\u00e9trica, rede de \u00e1gua pot\u00e1veel, esgoto sanit\u00e1rio, vias de comunica\u00e7\u00e3o asf\u00e1ltica, para entrada e sa\u00edda de mat\u00e9ria prima e produtos industrializados<\/p>\n<p>A inaugura\u00e7\u00e3o do DAIA, (Distrito Agroindustrial de An\u00e1polis), ocorreu no dia 9 de novembro de 1976, pelo ent\u00e3o Presidente da Rep\u00fablica, Ernesto Geisel, acompanhado do Governador do Estado, Irapuan Costa Junior e do Prefeito Municipal Jamel Cec\u00edlio.<\/p>\n<p>Governador Irapuam Costa J\u00fanior com o presidente da Rep\u00fablica Ernesto Geisel.<br \/>\nInaugura\u00e7\u00e3o do DAIA. Novembro 1976.<\/p>\n<p>O projeto de sua execu\u00e7\u00e3o come\u00e7ou a se esbor\u00e7ar no ano de 1973, com a lei estadual n\u00ba 7.700\/73, que criou o Fundo de Expans\u00e3o da Ind\u00fastria e do Com\u00e9rcio.<\/p>\n<p>Com apoio nessa norma, por interm\u00e9dio do Escrit\u00f3rio de Representa\u00e7\u00e3o de Goi\u00e1s, no Rio de Janeiro, chefiado pelo jornalista Jos\u00e9 Asmar, e pelo intenso trabalho de Ant\u00f4nio Augusto de Azeredo Coutinho, ent\u00e3o Secret\u00e1rio Estadual da Ind\u00fastria e Com\u00e9rcio, foi entabulada negocia\u00e7\u00e3o para que a Companhia de Cervejas Brahma incorporasse a f\u00e1brica da Cebrasa, em An\u00e1polis, que se achava paralisada por falta de recursos.<\/p>\n<p>A Brahma veio para An\u00e1polis, ap\u00f3s adquirir a Cebrasa, instalada \u00e0 margem da BR 060, marcando o in\u00edcio da nossa industrializa\u00e7\u00e3o, mais moderna.<\/p>\n<p>O assentamento da Base A\u00e9rea de An\u00e1polis traria certo pret\u00edgio.<\/p>\n<p>Para que novos investidores procurassem pelo munic\u00edpio, que abandonava o processo exclusivo de beneficiamento de cereais, para avan\u00e7ar em outros campos de atividades mais promissoras e consent\u00e2neas com a localiza\u00e7\u00e3o estrat\u00e9gica de An\u00e1polis. Foi assim a cria\u00e7\u00e3o de Faculdades de Ensino Superior e a busca da verdadeira industrializa\u00e7\u00e3o, face ao posicionamento log\u00edstico favor\u00e1vel do munic\u00edpio anapolino, entre tantos concorrentes no Estado.<\/p>\n<p>Voltando ao Distrito Industrial, afirma o escritor Pablo Kossa, que<\/p>\n<p>\u201c O DAIA \u00e9 fruto desse esfor\u00e7o coletivo entre lideran\u00e7as classistas e governantes que entenderam a real necessidade do distrito para capitalizar toda a tradi\u00e7\u00e3o empresarial de An\u00e1polis.\u201d<\/p>\n<p>De fato, quando o projeto estava na fase das cogita\u00e7\u00f5es, sobre localiza\u00e7\u00e3o, recursos e provid\u00eancias, surgiram os \u00f3bices, que a hist\u00f3ria registrou:<\/p>\n<p>\u201cFoi cogitada a hip\u00f3tese de o Distrito ser constru\u00eddo em An\u00e1polis. Mas pessoas da Secretaria Estadual de Ind\u00fastria e Com\u00e9rcio acreditavam que seria mais vi\u00e1vel e pr\u00e1tico sua viabiliza\u00e7\u00e3o em Goi\u00e2nia ou Senador Canedo.<br \/>\nIsso gerou enormes disputas dentro dos poderes Execultivo e Legislativo. Parlamentares que representavam cada regi\u00e3o se articulavam para tentar levar para a \u00e1rea onde o seu eleitorado era mais representativo. Os empres\u00e1rios de cada localidade trabalhavam suas influ\u00eancias internas no governo para ver o que conseguiam, em uma grande celeuma foi criada\u201d.<\/p>\n<p>Prevaleceu, sim, a intelig\u00eancia e o bom senso, pois as condi\u00e7\u00f5es naturais de An\u00e1polis, face \u00e1 l\u00f3gica, venceram as investidas adversas e contou, felizmente, com a ascens\u00e3o do governador Irapuan Costa J\u00fanior ao comando do Estado, para assegurar ao munic\u00edpio de que foi Prefeito, e consagrado como pol\u00edtico s\u00e9rio e idealista.<\/p>\n<p>Em contato direto com a diretoria da ACIA, o governador ativou o processo de cria\u00e7\u00e3o e consolida\u00e7\u00e3o do DAIA. Ap\u00f3s um ano de intensos trabalhos de elabora\u00e7\u00e3o do projeto, com observa\u00e7\u00e3o \u00e0s credenciais para receber verbas do FDI (Fundo de Desemvolvimento Industrial), como fator inicial, foi submetido \u00e0 an\u00e1lise por t\u00e9cnicos do Minist\u00e9rio do Planejamento, em Bras\u00edlia, que o ajustaram ao rigorismo da lei.<\/p>\n<p>Or\u00e7ado em 257 milh\u00f5es de cruzeiros, recebeu a primeira parcela de 108 milh\u00f5es depositados na ag\u00eancia do BEG (Banco do Estado de Goi\u00e1s).<\/p>\n<p>Pelo Decreto n\u00ba 187, de 17 de setembro de 1973, foram indenizados 41 propriet\u00e1rios de terras pr\u00f3ximas aos trilhos da estrada de ferro, outorgando-se as escrituras \u00e0 Goiasindustrial.<\/p>\n<p>Com substanciais investimentos da empresa de economia mista Saneago (Saneamento de Go\u00edas S.A.), foi implantada a infraestrutura e o projeto come\u00e7ou a tormar corpo, com a participa\u00e7\u00e3o da Celg (ent\u00e3o Centrais El\u00e9tricas de Goi\u00e1s S.A.), outra empresa de economia mista, contribuinte imperativo.<\/p>\n<p>Muito cooperou Sultan Falluh, amigo pessoal do governador Irapuan, que o nomeou Secr\u00e9tario de Ind\u00fastria e Com\u00e9rcio.<\/p>\n<p>Sulta Falluh com o empres\u00e1rio literato Newton Egydio Rossi, presidente da<br \/>\nFecom\u00e9rci o-DF, em Janeiro de 1977.<\/p>\n<p>As primeiras ind\u00fastrias a se instalarem no Distrito foram a Cemina, do grupo catarinense Cecrisa, fabricante de produtos de cer\u00e2mica branca; a Precon, produtora de artefatos de cimento e amianto; e o Centro de Gemologia do Estado de Goi\u00e1s, que prosperou, mas hoje (2010) est\u00e1 paralisado.<\/p>\n<p>Com a mudan\u00e7a de governo, o DAIA padeceu, anos seguintes, com s\u00e9rias dificuldades. Muitas ind\u00fastrias que obtiveram escritura para ali se instalar, reflu\u00edram em seus projetos, em maior parte por n\u00e3o haverem obtido os incentivos esperados, ou por outros motivos de natureza econ\u00f4mica.<\/p>\n<p>Por lacuna contratual na concess\u00e3o das \u00e1reas, muitas escrituras tiveram que ser anuladas judicialmente em complicados processos, para retomada pelo governo de lotes n\u00e3o ocupados.<\/p>\n<p>Pouco a pouco, todavia, em decorr\u00eancia do crescimento populacional e das exig\u00eancias de mercado, a fei\u00e7\u00e3o do DAIA foi tomando forma e consolidando-se. Hoje, com a instala\u00e7\u00e3o do arrojado projeto da Plataforma Log\u00edstica Multimodal de Goi\u00e1s, modelo trazido da Espanha, o DAIA representa um grandioso patrim\u00f4nio do Estado de Goi\u00e1s.<\/p>\n<p>S\u00e3o mais de cem plantas industriais, algumas de grande porte, como a CAOA, montadora de ve\u00edculos Hyundai; grandes ind\u00fastrias farmoqu\u00edmicas, como a Teuto, a Geolab, a Roche, a Neoqu\u00edmica a Pfizer, e muitas outras em fase de implanta\u00e7\u00e3o, que promovem grande circula\u00e7\u00e3o de riquezas.<\/p>\n<p>E An\u00e1polis se degarra de sua condi\u00e7\u00e3o de modesta cidade do interior para inserir-se no concerto nacional, como um grande polo de desenvolvimento, atraindo capitais e concentra\u00e7\u00e3o de valores que atuam no sonhado crescimento de nosso pa\u00eds.<\/p>\n<p>O DAIA \u00e9 uma conquista de An\u00e1polis, gra\u00e7as \u00e0 atua\u00e7\u00e3o dos diretores da ACIA, que, em todos os momentos, n\u00e3o mediram esfor\u00e7os para vencerem as barreiras que lhes eram e s\u00e3o apresentadas.<\/p>\n","protected":false},"excerpt":{"rendered":"<p>[vc_row][vc_column width=&#8221;1\/4&#8243;][vc_btn title=&#8221;VOLTAR AO IN\u00cdCIO&#8221; style=&#8221;custom&#8221; custom_background=&#8221;#722d18&#8243; custom_text=&#8221;#ffffff&#8221; link=&#8221;url:%2Fsite%2F|||&#8221;][\/vc_column][vc_column width=&#8221;1\/4&#8243;][vc_btn title=&#8221;ACIA E A BASE A\u00c9REA&#8221; style=&#8221;custom&#8221; custom_background=&#8221;#722d18&#8243; custom_text=&#8221;#ffffff&#8221; link=&#8221;url:%2Fsite%2Facia-e-base-aerea|||&#8221;][\/vc_column][vc_column width=&#8221;1\/4&#8243;][vc_btn title=&#8221;ACIA E O DAIA&#8221; style=&#8221;custom&#8221; custom_background=&#8221;#722d18&#8243; custom_text=&#8221;#ffffff&#8221; link=&#8221;url:%2Fsite%2Facia-e-o-daia%2F|||&#8221;][\/vc_column][vc_column width=&#8221;1\/4&#8243;][vc_btn title=&#8221;PRESIDENTES&#8221; style=&#8221;custom&#8221; custom_background=&#8221;#722d18&#8243; custom_text=&#8221;#ffffff&#8221; link=&#8221;url:%2Fsite%2Fpresidentes%2F|||&#8221;][\/vc_column][\/vc_row] A reuni\u00e3o que aconteceu no dia 16 de abril de 1975, convocada em car\u00e1ter extraordin\u00e1rio, foi para dar conta \u00e0 assembl\u00e9ia&#8230;<\/p>\n","protected":false},"author":1,"featured_media":0,"parent":0,"menu_order":0,"comment_status":"closed","ping_status":"closed","template":"","meta":{"_s2mail":""},"acf":[],"_links":{"self":[{"href":"https:\/\/arquivohistoricoacia.com.br\/site\/wp-json\/wp\/v2\/pages\/474"}],"collection":[{"href":"https:\/\/arquivohistoricoacia.com.br\/site\/wp-json\/wp\/v2\/pages"}],"about":[{"href":"https:\/\/arquivohistoricoacia.com.br\/site\/wp-json\/wp\/v2\/types\/page"}],"author":[{"embeddable":true,"href":"https:\/\/arquivohistoricoacia.com.br\/site\/wp-json\/wp\/v2\/users\/1"}],"replies":[{"embeddable":true,"href":"https:\/\/arquivohistoricoacia.com.br\/site\/wp-json\/wp\/v2\/comments?post=474"}],"version-history":[{"count":2,"href":"https:\/\/arquivohistoricoacia.com.br\/site\/wp-json\/wp\/v2\/pages\/474\/revisions"}],"predecessor-version":[{"id":694,"href":"https:\/\/arquivohistoricoacia.com.br\/site\/wp-json\/wp\/v2\/pages\/474\/revisions\/694"}],"wp:attachment":[{"href":"https:\/\/arquivohistoricoacia.com.br\/site\/wp-json\/wp\/v2\/media?parent=474"}],"curies":[{"name":"wp","href":"https:\/\/api.w.org\/{rel}","templated":true}]}}