{"id":389,"date":"2018-04-18T09:38:41","date_gmt":"2018-04-18T12:38:41","guid":{"rendered":"http:\/\/arquivohistoricoacia.com.br\/site\/?page_id=389"},"modified":"2018-04-18T09:38:58","modified_gmt":"2018-04-18T12:38:58","slug":"ocrates-mardocheu-diniz","status":"publish","type":"page","link":"http:\/\/arquivohistoricoacia.com.br\/site\/ocrates-mardocheu-diniz\/","title":{"rendered":"S\u00d3CRATES MARDOCHEU DINIZ"},"content":{"rendered":"<p><img loading=\"lazy\" class=\"wp-image-390 size-full alignleft\" src=\"http:\/\/arquivohistoricoacia.com.br\/site\/wp-content\/uploads\/2018\/04\/SOCRATES-DINIZ.jpg\" alt=\"\" width=\"220\" height=\"314\" srcset=\"http:\/\/arquivohistoricoacia.com.br\/site\/wp-content\/uploads\/2018\/04\/SOCRATES-DINIZ.jpg 220w, http:\/\/arquivohistoricoacia.com.br\/site\/wp-content\/uploads\/2018\/04\/SOCRATES-DINIZ-210x300.jpg 210w\" sizes=\"(max-width: 220px) 100vw, 220px\" \/><strong>S\u00d3CRATES MARDOCHEU DINIZ<\/strong><br \/>\n<strong>5\u00ba Presidente &#8211;\u00a0<\/strong>08 de agosto de 1950 a 16 de novembro de 1950<\/p>\n<p>Foi eleito Presidente da Associa\u00e7\u00e3o Comercial de An\u00e1polis o Sr. S\u00f3crates Mardocheu Diniz, em 8 de agosto de 1950, tendo como vice-presidente, o Sr. Jo\u00e3o Luiz de Oliveira.<\/p>\n<p>N\u00e3o realizou qualquer reuni\u00e3o.<\/p>\n<p>Em 16 de novembro, desse ano, enviou carta \u00e0 Associa\u00e7\u00e3o apresentando a sua ren\u00fancia, alegando interesses diversos.<\/p>\n<p>S\u00f3crates Mardocheu Diniz chegou a An\u00e1polis como gerente da ag\u00eancia do Banco Com\u00e9rcio e Ind\u00fastria de Minas Gerais S.A..<\/p>\n<p>Em pouco tempo, inteligente e din\u00e2mico, conquistou grande prest\u00edgio na classe empresarial. Assim, idealizou e obteve a confian\u00e7a de importantes personalidades do Estado e fundou o 1\u00ba Banco, genuinamente goiano, o Banco Comercial do Estado de Goi\u00e1s S.A. \u2013 o \u201cGoiasbanco\u201d.<\/p>\n<p>Construiu o edif\u00edcio de sua sede, na rua Manoel D\u2019Abadia, onde est\u00e1 o Itamarati Hotel.<\/p>\n<p>Foi eleito Prefeito de An\u00e1polis, como candidato \u00fanico, mas renunciou ap\u00f3s dois anos no cargo. Deve-se a ele a constru\u00e7\u00e3o dos jardins da Pra\u00e7a Bom Jesus.<\/p>\n<p>Faleceu tragicamente em desastre a\u00e9reo no Rio de Janeiro.<\/p>\n<p>Na Associa\u00e7\u00e3o Comercial de An\u00e1polis n\u00e3o deixou marcas do seu privilegiado talento, aplicado em altos neg\u00f3cios financeiros.<\/p>\n<p>A dura\u00e7\u00e3o do mandato do Sr. S\u00f3crates Mardocheu Dinis durou pouco, pois, em 16 de novembro de 1950, por ele foi encaminhada a seguinte carta, lida na reuni\u00e3o da Diretoria, do dia 28, nos seguintes termos:<\/p>\n<p>\u201cAn\u00e1polis, 16 de novembro de 1950<\/p>\n<p>\u00c0 Associa\u00e7\u00e3o Comercial, Industrial e Agro-Pecu\u00e1ria de An\u00e1polis:<br \/>\nDistintos e estimados companheiros:<\/p>\n<p>DEMISS\u00c3O:<\/p>\n<p>Venho, pela presente, por interesses diversos, sobrecarregado, como me acho, com m\u00faltiplos afazeres, dispor, em suas honrosas m\u00e3os, o cargo que exer\u00e7o nessa eficiente organiza\u00e7\u00e3o.<br \/>\nAgradecendo, sensibilizado as provas de apre\u00e7o e colabora\u00e7\u00e3o, que sempre me prestaram em todas as horas e augurando-lhes pleno \u00eaxito futuro subscrevo-me,<br \/>\nCordialmente.<br \/>\nS\u00f3crates Mardocheu Dinis.<br \/>\nPresidente.\u201d<\/p>\n<p>Promovida a reuni\u00e3o, para a escolha do novo Presidente, mediante as publica\u00e7\u00f5es de editais, na primeira, programada para o dia 17 de dezembro, por falta de n\u00famero, outra foi designada para o dia 30, desse m\u00eas, quando compareceram 14 associados, verificando-se o seguinte resultado:<\/p>\n<p>Para Presidente: Abel Carneiro, 08 votos;<br \/>\nJo\u00e3o Luiz de Oliveira, 05 votos;<br \/>\nBarbahan Helou, 01 voto.<\/p>\n<p>N\u00e3o h\u00e1 registros de reuni\u00e3o para a posse dos eleitos.<\/p>\n","protected":false},"excerpt":{"rendered":"<p>S\u00d3CRATES MARDOCHEU DINIZ 5\u00ba Presidente &#8211;\u00a008 de agosto de 1950 a 16 de novembro de 1950 Foi eleito Presidente da Associa\u00e7\u00e3o Comercial de An\u00e1polis o Sr. S\u00f3crates Mardocheu Diniz, em 8 de agosto de 1950, tendo como vice-presidente, o Sr. Jo\u00e3o Luiz de Oliveira. N\u00e3o realizou qualquer reuni\u00e3o. Em 16 de novembro, desse ano, enviou&#8230;<\/p>\n","protected":false},"author":1,"featured_media":0,"parent":0,"menu_order":0,"comment_status":"closed","ping_status":"closed","template":"","meta":{"_s2mail":""},"acf":[],"_links":{"self":[{"href":"http:\/\/arquivohistoricoacia.com.br\/site\/wp-json\/wp\/v2\/pages\/389"}],"collection":[{"href":"http:\/\/arquivohistoricoacia.com.br\/site\/wp-json\/wp\/v2\/pages"}],"about":[{"href":"http:\/\/arquivohistoricoacia.com.br\/site\/wp-json\/wp\/v2\/types\/page"}],"author":[{"embeddable":true,"href":"http:\/\/arquivohistoricoacia.com.br\/site\/wp-json\/wp\/v2\/users\/1"}],"replies":[{"embeddable":true,"href":"http:\/\/arquivohistoricoacia.com.br\/site\/wp-json\/wp\/v2\/comments?post=389"}],"version-history":[{"count":2,"href":"http:\/\/arquivohistoricoacia.com.br\/site\/wp-json\/wp\/v2\/pages\/389\/revisions"}],"predecessor-version":[{"id":392,"href":"http:\/\/arquivohistoricoacia.com.br\/site\/wp-json\/wp\/v2\/pages\/389\/revisions\/392"}],"wp:attachment":[{"href":"http:\/\/arquivohistoricoacia.com.br\/site\/wp-json\/wp\/v2\/media?parent=389"}],"curies":[{"name":"wp","href":"https:\/\/api.w.org\/{rel}","templated":true}]}}