{"id":360,"date":"2018-04-18T00:49:45","date_gmt":"2018-04-18T03:49:45","guid":{"rendered":"http:\/\/arquivohistoricoacia.com.br\/site\/?page_id=360"},"modified":"2018-04-18T00:49:45","modified_gmt":"2018-04-18T03:49:45","slug":"ridoval-darci-chiereloto-quarto-mandato","status":"publish","type":"page","link":"http:\/\/arquivohistoricoacia.com.br\/site\/ridoval-darci-chiereloto-quarto-mandato\/","title":{"rendered":"RIDOVAL DARCI CHIERELOTO &#8211; Quarto mandato"},"content":{"rendered":"<p><img loading=\"lazy\" class=\"wp-image-325 size-full alignleft\" src=\"http:\/\/arquivohistoricoacia.com.br\/site\/wp-content\/uploads\/2018\/04\/RIDOVAL-CHIERELOTO.jpg\" alt=\"\" width=\"241\" height=\"314\" srcset=\"http:\/\/arquivohistoricoacia.com.br\/site\/wp-content\/uploads\/2018\/04\/RIDOVAL-CHIERELOTO.jpg 241w, http:\/\/arquivohistoricoacia.com.br\/site\/wp-content\/uploads\/2018\/04\/RIDOVAL-CHIERELOTO-230x300.jpg 230w\" sizes=\"(max-width: 241px) 100vw, 241px\" \/><strong>RIDOVAL DARCI CHIERELOTO &#8211; Quarto mandato<\/strong><br \/>\n<strong>33\u00b0 Presidente<\/strong><\/p>\n<p>13 de mar\u00e7o de 2001 a 30 de abril de 2003<\/p>\n<p>Aos treze dias do m\u00eas de mar\u00e7o de 2001, \u00e0s 09 horas, filiados da Associa\u00e7\u00e3o Comercial e Industrial de An\u00e1polis, reuniram-se em Assembl\u00e9ia Geral, na sua sede \u00e0 Rua Manoel D\u2019Abadia, 335, segundo andar, para o pleito a fim de eleger a Diretoria, Conselhos Consultivo e Fiscal da entidade, bi\u00eanio 2001 \u2013 2003, atendendo \u00e0 convoca\u00e7\u00e3o publicada no jornal \u201cO An\u00e1polis\u201d, edi\u00e7\u00e3o de 09 de mar\u00e7o de 2001. Foi aprovado, por aclama\u00e7\u00e3o, o nome do associado Hilton Rezende para presidir a Assembl\u00e9ia. Com a aprova\u00e7\u00e3o de todos os presentes, comp\u00f4s \u2013 a seguinte mesa receptora: Presidente: Oscar Luiz de Oliveira; Secret\u00e1rios e efetivos suplentes: Watison Alves Ferreira e Domingos de Sousa Lobo e os mes\u00e1rios efetivos e suplentes, Elsio Alves Pereira, Gilson Eduardo Felipe, Rosa Maria de Souza e Nayz C\u00e1ssia Rodrigues Silva. Instalada a Mesa, foi entregue aos presentes uma rela\u00e7\u00e3o de associados em condi\u00e7\u00f5es de voto, elaborada conjuntamente pela Secretaria e Tesouraria Geral. Em seguida, iniciou-se a vota\u00e7\u00e3o. O associado, ap\u00f3s identificar-se \u00e0 mesa, assina o livro de presen\u00e7a, a partir da folha 72, recebe a c\u00e9dula, devidamente rubricada, pelos componentes da mesa e dirige-se \u00e0 cabine, onde registra o seu voto, depositando o envelope na urna, devidamente lacrada, antes do pleito. A vota\u00e7\u00e3o transcorreu na mais absoluta ordem, sem quaisquer interrup\u00e7\u00f5es, at\u00e9 as 17 horas. \u00c0s 17 horas e 05 minutos o Presidente da Mesa perguntou se havia mais algu\u00e9m para votar. N\u00e3o havendo qualquer manifesta\u00e7\u00e3o por parte dos presentes, declarou encerrada a vota\u00e7\u00e3o, em seguida, o Presidente da Assembl\u00e9ia transformou a mesa receptora em mesa de apura\u00e7\u00e3o. A mesma iniciou a contagem de votos, com os seguintes resultados: 03 (tr\u00eas) votos em BRANCO, 03 (tr\u00eas) votos N\u00c3O, 01 (um) voto NULO e 431 (quatrocentos e trinta e um) votos SIM, que foi lido em voz alta para os presentes. O Presidente da Assembl\u00e9ia perguntou se havia alguma impugna\u00e7\u00e3o. N\u00e3o havendo, proclamou eleita a seguinte chapa: Presidente: RIDOVAL DARCI CHIERELOTO; Vice-Presidente: DEOCLECIANO MOREIRA ALVES; 2\u00b0 Vice-Presidente: JO\u00c3O BATISTA GOMES PINTO; 3\u00b0 Vice-Presidente: EDUARDO GON\u00c7ALVES; 4\u00b0 Vice-Presidente: MUNIR CAIXE; Secret\u00e1rio Geral: AIR GANZAROLI; Secret\u00e1rio Adjunto: ADIMIR LUCHETTI; Tesoureiro Geral: ORIBALDO RIBEIRO; Tesoureiro Adjunto: ANDR\u00c9 LUIZ CAMPOS; Diretor Social: RODRIGO MIGUEL DE MELO; Diretor Social Adjunto: VENCESLAU BIZINOTO; Diretor de Comunica\u00e7\u00e3o Social: MANOEL VANDERICK CORREA; Diretor Adjunto de Comunica\u00e7\u00e3o Social: IEDA MARIA DE ALENCAR; Diretor de Assuntos Comunit\u00e1rios: UBIRATAN DA SILVA LOPES; Diretor Adjunto de Assuntos Comunit\u00e1rios: AIRTON DEZZEM; Diretor de Patrim\u00f4nio: JAIR PINTO GARCIA; Diretor para Assuntos Fiscais: RONAN ASSUN\u00c7\u00c3O NAVES; Diretor para Assuntos Fiscais Adjunto: CARLOS DE PAULA SILVA; Diretor para Assuntos Jur\u00eddicos: WELLINGTON CONSTANTE; Diretor Adjunto para Assuntos Jur\u00eddicos: CELSO TEIXEIRA RABELO; Diretor para Assuntos do Daia: EDSON TAVARES; Diretor Adjunto para Assuntos do Daia: SEBASTI\u00c3O OSMAR ALBERTINI; Diretor de Rela\u00e7\u00f5es Sindicais: WILSON DE OLIVEIRA; Diretor Adjunto de Rela\u00e7\u00f5es Sindicais: HANNA GEORGES BAZZI FILHO; Diretor para Assuntos de Ind\u00fastrias de Alimenta\u00e7\u00e3o: MANOEL EGAS; Diretor Adjunto para Assuntos de Ind\u00fastria de Alimenta\u00e7\u00e3o: VALDEN\u00cdCIO RODRIGUES ANDRADE; Diretor para Assuntos das Ind\u00fastrias da Constru\u00e7\u00e3o: ALO\u00cdSIO S\u00c1VIO DA SILVA; Diretor Adjunto para Assuntos das Ind\u00fastrias da Constru\u00e7\u00e3o: ARNALDO JAIME DE PINA; Diretor para Assuntos das Ind\u00fastrias Metal\u00fargicas, Materiais El\u00e9tricos: ELTON DE TELES CAMPOS; Diretor para Assuntos do Com\u00e9rcio Varejista: RUY ABDALLA; Diretor Adjunto para Assuntos do Com\u00e9rcio Varejista: LUIZ APARECIDO SOARES; Diretor para Assuntos do Com\u00e9rcio Atacadista: CAMILO EL BAZI; Diretor Adjunto para Com\u00e9rcio Atacadista: MARIA AUXILIADORA GOMES LE\u00c3O; Diretor para Assuntos do Turismo e Hospitalidade: CARLOS DE MOURA J\u00daNIOR; Diretor Adjunto para Assuntos do Turismo e Hospitalidade: EDERVAL RODRIGUES DE ARA\u00daJO \u2013 CONSELHO CONSULTIVO: Membros Natos: GILSON TEIXEIRA DO AMARAL BRITO, NELSON DE ABREU, ILION FLEURY, NILSON TEIXEIRA, LUIZ MEDEIROS PINTO, SILVIO CONSTANTE, MOUNIR NAOUM, SULTAN FALLUH \u2013 CONSELHO CONSULTIVO: ARQUIMEDES PICOLOTTO, JOS\u00c9 PEREIRA D\u2019ABADIA, F\u00c1BIO OLIVEIRA LIMA, LEONIDAS PEIXOTO DE SOUZA, GILBERT WESLEY ARCHIBALD, MARIO FORLIN, GILBERT ROLAND GAIOTTI JUNIOR, MINERVINO FRANCISCO DE OLIVEIRA, DONIZETE ALVES MARTINS, MOACIR L\u00c1ZARO DE MELO, IRACI CUST\u00d3DIO RIBEIRO, OSWALDO CORREIA BORGES, JEAN CARLOS CONSTANTE, PAULO DE SOUZA COUTO, JO\u00c3O BATISTA R. ARA\u00daJO, TULIO SIQUEIRA FARINHA, JOAQUIM JOS\u00c9 BRAND\u00c3O, WILMAR MANOEL DE SOUZA, GEORGES HAJJAR, WALDIR O\u2019DWYER \u2013 CONSELHO FISCAL: IZETTE TEREZINHA R. VASCONCELOS, ENIVAL FERREIRA SOUZA, MANOEL XAVIER FILHO, MAUR\u00cdCIO DE MELO CARDOSO, PAULO ALBERNAZ ROCHA, MAURO OS\u00d3RIO M. DE PAIVA, REINALDO DEL FIACO, NABIL HANNA, WALTER BONFIM, WILTON BASTOS COELHO, Assessoria para Assuntos do P\u00f3lo Farmo-Qu\u00edmico: IDELFONSO LIMIRO GON\u00c7ALVES e WALTERCI DE MELO. Assessoria para Assuntos de Concession\u00e1ria Distribuidora de Ve\u00edculos Automotivos: IBRAHIM HAJJAR e ARIOVALDO ALCEU DOS SANTOS. Assessoria para Assuntos das Ind\u00fastrias de Confec\u00e7\u00f5es: JAIR RIZZI e JOS\u00c9 VIEIRA GOMIDE J\u00daNIOR. Assessoria para Assuntos das Farm\u00e1cias e Drogarias: NELSON LEONEL FLEURY e ISMAIL SEBASTI\u00c3O DE SOUZA. Assessoria para Assuntos dos Revendedores de Petr\u00f3leo: WASHINGTON CONSTANTE e JO\u00c3O FIDELIS PEIXOTO. Assessoria para Assuntos de Transportes Rodovi\u00e1rios: LUIZ CLAUDINEI FERREIRA e MIGUEL MOREIRA BRAGA. Assessoria para Assuntos Imobili\u00e1rios: JAIRO BEL\u00c9M SOARES RIBEIRO e WELLINGTON PORTO. Assessoria para Assuntos dos Contabilistas: HILTON RESENDE e JOSELI JOAQUIM RIBEIRO. Assessoria para Assuntos do Meio Ambiente: AMADOR ABDALLA e ALCEU FORLIM. Assessoria para Assuntos da Ind\u00fastria Cer\u00e2mica: LAERTE SIM\u00c3O e SIZUO MATSURA. Assessoria para Novos Projetos: MANOEL MEIRELES e PAULINO GOMES TAVEIRA. Em seguida foi feito agradecimentos pela presen\u00e7a de todos, encerrando-se a presente Ata que, depois de lida e achada conforme, sem emendas ou rasuras, vai assinada pelos presidentes da Assembl\u00e9ia, da Mesa, Secret\u00e1rio e Mes\u00e1rios. An\u00e1polis, 13 de mar\u00e7o de 2001.<\/p>\n<p>Essa ata est\u00e1 registrada no Cart\u00f3rio de Protestos e Registro de T\u00edtulos e Documentos de An\u00e1polis &#8211; 1\u00b0 Tabelionato, Marcos Marques Carrijo, Protocolo A04, n\u00b0 45.371, Livro PJ, n\u00b0 954, p\u00e1gina 7, em 31 de maio de 2001.<\/p>\n<p>O quarto per\u00edodo de administra\u00e7\u00e3o do Sr. Ridoval Darci Chiereloto \u00e0 frente da Associa\u00e7\u00e3o Comercial e Industrial de An\u00e1polis \u2013 ACIA o \u00fanico a acumular tanto tempo \u2013 foi marcado pelos seguintes fatos:<\/p>\n<p>No ano de 2001 foram realizadas 30 reuni\u00f5es, sendo 24 presididas por Ridoval Darci Chiereloto, 02 por Deocleciano Moreira Alves e 04 por Jo\u00e3o Batista Gomes Pinto.<\/p>\n<p>Foram admitidos 288 associados e desligados 268, por motivos n\u00e3o esclarecidos.<\/p>\n<p>No ano seguinte, 2002, foram realizadas 27 reuni\u00f5es, as quais foram presididas por Ridoval Darci Chiereloto, 08 por Deocleciano Moreira Alves e 03 por Jo\u00e3o Batista Gomes Pinto.<\/p>\n<p>Foram admitidos 214 novos associados e n\u00e3o h\u00e1 men\u00e7\u00e3o de quantos foram desligados.<\/p>\n<p>No per\u00edodo a Associa\u00e7\u00e3o se manteve muito ativa e muitos problemas de interesse empresarial e tamb\u00e9m da sociedade como um todo, foram abordados, discutidos e muitas provid\u00eancias foram tomadas, satisfatoriamente.<\/p>\n<p>Assim, foi atacado e eliminado o crime de roubo de cargas que aconteciam na BR-153. Incentivou-se o relacionamento com o F\u00f3rum Empresarial.<\/p>\n<p>Foi instalado, no Daia, o Centro de Distribui\u00e7\u00e3o de Autom\u00f3veis fabricados pela General Motors. Registrou, em ata, agradecimentos ao trabalho eficiente de Luiz Medeiros Pinto em seus dois mandatos como Presidente da ACIA.<\/p>\n<p>Foi aventado o desafio de prote\u00e7\u00e3o \u00e0s \u00e1guas do Ribeir\u00e3o Jo\u00e3o Leite, com a constru\u00e7\u00e3o de uma barragem e surgimento de um grande lago, com a finalidade de abastecer Goi\u00e2nia, com \u00e1gua pot\u00e1vel.<\/p>\n<p>Visita do Secret\u00e1rio de Estado, Giuseppe Vecchi, que discorreu sobre a visita do Governador Marconi Perillo \u00e0 Europa, de onde trouxe o projeto da instala\u00e7\u00e3o da Plataforma Multi-Modal, em An\u00e1polis, com a liga\u00e7\u00e3o da ferrovia transatl\u00e2ntica com a Norte-Sul, transforma\u00e7\u00e3o do Aeroporto de An\u00e1polis em moderno Aeroporto de Carga de Goi\u00e1s, e amplia\u00e7\u00e3o do polo farmo-qu\u00edmico, com o assentamento de grandes laborat\u00f3rios.<\/p>\n<p>Recupera\u00e7\u00e3o do terreno, antes cedido \u00e0 Cervejaria Kaiser, com \u00e1rea de 248.000 metros quadrados, para cess\u00e3o aos novos laborat\u00f3rios.<\/p>\n<p>A ACIA recebeu a visita do Sr. Superintendente do Banco do Brasil, Edir Gomes Xavier, que estabeleceu com a entidade um relacionamento mais estreito para financiamento de empresas que viessem se fixar no DAIA.<\/p>\n<p>O ex-Presidente, Nilson Teixeira alertou os Diretores que o Daia devia ser administrado por empresa ou pessoa ali instalada.<\/p>\n<p>Nesse tempo foram entregues \u00e0 pol\u00edcia militar e civis v\u00e1rias viaturas. O associado Miguel Moreira Braga faz um relato demonstrativo da qualidade do servi\u00e7o que sua empresa presta ao Munic\u00edpio, e manifesta a sua preocupa\u00e7\u00e3o sobre se aprovar mensagem do Prefeito Ernani de Paula para instala\u00e7\u00e3o do chamado Transporte Alternativo.<\/p>\n<p>Registrou, ent\u00e3o, o desentendimento dos Empres\u00e1rios com o inseguro Prefeito Ernani de Paula.<\/p>\n<p>A ACIA recebe as visitas dos Deputados Rubens Otoni, Onaide Santillo, do Superintendente da Caixa Econ\u00f4mica, Sr. Domingos Juarez da Silva, da Diretora do SENAC, Irene Caixeta.<\/p>\n<p>O associado Andr\u00e9 Luiz Campos insiste nas provid\u00eancias da ACIA visando o asfaltamento da rodovia BR-414, no trecho An\u00e1polis \u2013 Dois Irm\u00e3os. A associa\u00e7\u00e3o recebe a visita do Comandante da Pol\u00edcia Militar, Paulo Alves, acompanhado de auxiliares, que aborda e promete campanha para se evitar o roubo de ve\u00edculos e garantir seguran\u00e7a \u00e0 popula\u00e7\u00e3o.<\/p>\n<p>Firma-se conv\u00eanio com a Associa\u00e7\u00e3o Educativa Evang\u00e9lica para aproveitamento dos alunos graduados em Administra\u00e7\u00e3o de Empresas sejam admitidos como estagi\u00e1rios, sem v\u00ednculo empregat\u00edcio, em empresas associadas.<\/p>\n<p>O Dr. Mozart Soares Filho, Mozarico, \u00e9 indicado para o cargo de Secret\u00e1rio de Estado da Ind\u00fastria e Com\u00e9rcio. Visita a ACIA e manifesta seu agradecimento, com promessas de trabalho em parceria.<\/p>\n<p>Em face de a\u00e7\u00e3o criminal intentada pelo Prefeito Ernani de Paula contra o Presidente da ACIA, Ridoval Darci Chiereloto, a Assembl\u00e9ia lhe hipotecou solidariamente e decidiu homenage\u00e1-lo com um jantar realizado na Est\u00e2ncia Parque.<\/p>\n<p>J\u00e1 instalado o Porto Seco foi cogitado a amplia\u00e7\u00e3o do ramal de acesso ferrovi\u00e1rio, reclamado para o melhor desempenho do \u00f3rg\u00e3o.<\/p>\n<p>Mais uma vez, uniram-se a Associa\u00e7\u00e3o Comercial e Industrial de An\u00e1polis \u2013 ACIA, o Clube dos Diretores Lojistas e o Sindicato do Com\u00e9rcio Varejista para promoverem a ilumina\u00e7\u00e3o das ruas pra\u00e7as, durante os festejos natalinos.<\/p>\n<p>Retorna o Secret\u00e1rio Giusepe Vecchi que traz os projetos elaborados para a instala\u00e7\u00e3o da Plataforma Log\u00edstica, constru\u00e7\u00e3o do Aeroporto de Cargas de Goi\u00e1s, e liga\u00e7\u00f5es ferrovi\u00e1rias, bem como a instala\u00e7\u00e3o do Centro de Distribui\u00e7\u00e3o dos produtos fabricados na Zona Franca de Manaus.<\/p>\n<p>Instalou-se no Anashoping o servi\u00e7o de Vapt-Vupt, que atende mais de mil pessoas diariamente. A ACIA recebe a visita do Sr. Egon Danhermann: Diretor da C\u00e2mara de Com\u00e9rcio Brasil-Alemanha.<\/p>\n<p>A associada Samira Mikhail apresenta cr\u00edtica e protestos contra a doa\u00e7\u00e3o, pela Prefeitura de An\u00e1polis, de uma \u00e1rea equivalente a 20.000 metros quadrados para a desconhecida Universidade Universa, pessoa de fora, sem qualquer liga\u00e7\u00e3o com a cidade, cujos empres\u00e1rios, no setor, s\u00e3o olvidados.<\/p>\n<p>Registrou-se a visita do exmo. Sr. Dr. Carlos Jos\u00e9 Limongi, da Vara da Inf\u00e2ncia e Juventude, que fez proveitosa explana\u00e7\u00e3o da problem\u00e1tica infanto-juvenil, em An\u00e1polis, propondo um pacto dos empres\u00e1rios com o Poder Judici\u00e1rio para contornar a criminalidade que aumenta, em raz\u00e3o do tr\u00e1fico de drogas.<\/p>\n<p>Foi festejada a instala\u00e7\u00e3o do Moinho de Trigo, com a marca Lolita, no DAIA.<\/p>\n<p>Uma comiss\u00e3o foi formada para providenciar a vinda dos candidatos a Governador do Estado, Maguito Vilela, Marconi Perillo e Marina Silva, para exporem, em reuni\u00f5es previamente agendadas, suas plataformas de governo, sobretudo no que se refere a An\u00e1polis, onde a nossa representa\u00e7\u00e3o de pol\u00edtica, na Assembl\u00e9ia Legislativa, tem sido reduzida e inexpressiva.<\/p>\n<p>Afinal, foi apresentado o balan\u00e7o das atividades no bi\u00eanio, aprovadas as contas, e findo o per\u00edodo.<\/p>\n","protected":false},"excerpt":{"rendered":"<p>RIDOVAL DARCI CHIERELOTO &#8211; Quarto mandato 33\u00b0 Presidente 13 de mar\u00e7o de 2001 a 30 de abril de 2003 Aos treze dias do m\u00eas de mar\u00e7o de 2001, \u00e0s 09 horas, filiados da Associa\u00e7\u00e3o Comercial e Industrial de An\u00e1polis, reuniram-se em Assembl\u00e9ia Geral, na sua sede \u00e0 Rua Manoel D\u2019Abadia, 335, segundo andar, para o&#8230;<\/p>\n","protected":false},"author":1,"featured_media":0,"parent":0,"menu_order":0,"comment_status":"closed","ping_status":"closed","template":"","meta":{"_s2mail":""},"acf":[],"_links":{"self":[{"href":"http:\/\/arquivohistoricoacia.com.br\/site\/wp-json\/wp\/v2\/pages\/360"}],"collection":[{"href":"http:\/\/arquivohistoricoacia.com.br\/site\/wp-json\/wp\/v2\/pages"}],"about":[{"href":"http:\/\/arquivohistoricoacia.com.br\/site\/wp-json\/wp\/v2\/types\/page"}],"author":[{"embeddable":true,"href":"http:\/\/arquivohistoricoacia.com.br\/site\/wp-json\/wp\/v2\/users\/1"}],"replies":[{"embeddable":true,"href":"http:\/\/arquivohistoricoacia.com.br\/site\/wp-json\/wp\/v2\/comments?post=360"}],"version-history":[{"count":1,"href":"http:\/\/arquivohistoricoacia.com.br\/site\/wp-json\/wp\/v2\/pages\/360\/revisions"}],"predecessor-version":[{"id":361,"href":"http:\/\/arquivohistoricoacia.com.br\/site\/wp-json\/wp\/v2\/pages\/360\/revisions\/361"}],"wp:attachment":[{"href":"http:\/\/arquivohistoricoacia.com.br\/site\/wp-json\/wp\/v2\/media?parent=360"}],"curies":[{"name":"wp","href":"https:\/\/api.w.org\/{rel}","templated":true}]}}