{"id":332,"date":"2018-04-18T00:28:14","date_gmt":"2018-04-18T03:28:14","guid":{"rendered":"http:\/\/arquivohistoricoacia.com.br\/site\/?page_id=332"},"modified":"2018-04-18T00:28:14","modified_gmt":"2018-04-18T03:28:14","slug":"deocleciano-moreira-alves","status":"publish","type":"page","link":"http:\/\/arquivohistoricoacia.com.br\/site\/deocleciano-moreira-alves\/","title":{"rendered":"DEOCLECIANO MOREIRA ALVES"},"content":{"rendered":"<p><img loading=\"lazy\" class=\"wp-image-333 size-full alignleft\" src=\"http:\/\/arquivohistoricoacia.com.br\/site\/wp-content\/uploads\/2018\/04\/DEOCLECIANO-MOREIRA-ALVES.jpg\" alt=\"\" width=\"220\" height=\"314\" srcset=\"http:\/\/arquivohistoricoacia.com.br\/site\/wp-content\/uploads\/2018\/04\/DEOCLECIANO-MOREIRA-ALVES.jpg 220w, http:\/\/arquivohistoricoacia.com.br\/site\/wp-content\/uploads\/2018\/04\/DEOCLECIANO-MOREIRA-ALVES-210x300.jpg 210w\" sizes=\"(max-width: 220px) 100vw, 220px\" \/><strong>DEOCLECIANO MOREIRA ALVES<\/strong><br \/>\n<strong>27\u00b0 Presidente<\/strong><\/p>\n<p>03 de mar\u00e7o 1991 a 15 de mar\u00e7o de 1993<\/p>\n<p>Em 03 de mar\u00e7o de 1991, ap\u00f3s as publica\u00e7\u00f5es dos Editais de Convoca\u00e7\u00e3o, na conformidade dos Estatutos, realizou-se as Assembl\u00e9ia Geral da Associa\u00e7\u00e3o Comercial e Industrial de An\u00e1polis &#8211; ACIA, para a elei\u00e7\u00e3o da sua Diretoria e dos Conselhos Administrativo e Fiscal.<\/p>\n<p>O ato aconteceu na sede de Associa\u00e7\u00e3o, \u00e0 Rua Manoel D\u2019Abadia, 335, sob a presid\u00eancia do Sr. Nelson de Abreu, que convocou os associados, Dr. Hermindo Lobo, D\u00e9cio Salvador Lemos e Sra. D\u00e9a L\u00facia Jorge Barbosa, para, como Presidente e Mes\u00e1rios, conduzirem o pleito eleitoral.<\/p>\n<p>A vota\u00e7\u00e3o, como nas anteriores, foi tranq\u00fcila, sem acidentes. Voltou a ser satisfat\u00f3ria a presen\u00e7a dos eleitores, e 478 votos favor\u00e1veis e 03 contra, foi eleita a Diretoria, liderada por Deocleciano Moreira Alves, Nylson Teixeira, Gilson Teixeira do Amaral Brito, Luiz Fernando Ruiz Gam, Andr\u00e9 Luiz Campos, Jos\u00e9 Pereira D\u2019Abadia, Afif Farah Brahim Hajjar, Jo\u00e3o Batista Gomes Pinto, Jadder Maur\u00edcio Aires Barbosa, Mounir Caixe, Valdir Est\u00e1cio Maia, Wellington Constante, Jairo Bel\u00e9m Soares Ribeiro, Abssay de Oliveira, Miguel Moreira Braga, Wilmar Jardim de Carvalho, Carmo Miranda Ribeiro, Ronan Assun\u00e7\u00e3o Naves, Oscar Ferreira da Cunha, Minervino Francisco de Oliveira, Paulo Altamiro Rocha, Luiz Medeiros Pinto, Gilberto Fiori, Ad\u00e3o Folador, Idelfonso Limirio Gon\u00e7alves, Ibrahim Hajjar, Jo\u00e3o Marques Vencanto, Joaquim Jos\u00e9 Brand\u00e3o, Ad\u00e3o de Oliveira, Waldyr O\u2019Dwyer, Elza Eleuza Camargo, Ruy Abdalla, Jos\u00e9 Roberto Barreto Santos, Paulo Souza Couto, Jo\u00e3o Lopes Rabelo, Jos\u00e9 Epaminondas Costa, Carlos Moura Jr.<\/p>\n<p>CONSELHO CONSULTIVO: Adherbal Cunha, Edwirges Soares, Ilion Fleury, Jonas Ferreira Alves Duarte, Mounir Naoum, Nelson de Abreu, Silvio Constante, Ridoval Darci Chiereloto, Sultan Falluh, Enedino de Rezende, Eur\u00edpedes B. Junqueira, Darci Jos\u00e9 Passinato, Luiz Ant\u00f4nio Cunha Pinto, Mauro Anderson Delfiny, Andr\u00e9 C\u00f4do, Ant\u00f4nio Eust\u00e1quio Braba, Carlos C\u00e9sar Toledo, Yara de Oliveira, Dujardim Aparecido, Rafael Veloso, Sidney Roberto Cousoli, Luiz Ant\u00f4nio de Carvalho, Laerte Say\u00e3o, Sebasti\u00e3o Geraldo Alves, Nelson Leonel Fleury, H\u00e9lio Marques Borges, Iracy Cust\u00f3dio Ribeiro, Edirani Vicente de Oliveira, Luiz Pinto, Omar Helou.<\/p>\n<p>CONSELHO FISCAL: Efetivos: Ezio Cec\u00edlio Daher, Jovem Rosa Oliveira, Venceslau Bizinoto, Manoel Vanderick Corr\u00eaa, Marcelo Souza Amaral Brito.<\/p>\n<p>SUPLENTES: Nassim Miguel, Gassam Youssef Symaan, Vicente Pedatella Neto, Jeiel Montalv\u00e3o, Ant\u00f4nio Beas da Cunha Primo.<\/p>\n<p>Essa ata escrita em o Livro n\u00ba. 2, \u00e0s fls. 27 v\u00ba at\u00e9 28 v\u00ba, e o Termo de Posse, \u00e0s fls. 29, datado em 10 de maio de 1991<\/p>\n<div id=\"attachment_334\" style=\"width: 310px\" class=\"wp-caption alignleft\"><img aria-describedby=\"caption-attachment-334\" loading=\"lazy\" class=\"wp-image-334 size-medium\" src=\"http:\/\/arquivohistoricoacia.com.br\/site\/wp-content\/uploads\/2018\/04\/Deocleciano-faz-discurso-na-posse-300x197.jpg\" alt=\"\" width=\"300\" height=\"197\" srcset=\"http:\/\/arquivohistoricoacia.com.br\/site\/wp-content\/uploads\/2018\/04\/Deocleciano-faz-discurso-na-posse-300x197.jpg 300w, http:\/\/arquivohistoricoacia.com.br\/site\/wp-content\/uploads\/2018\/04\/Deocleciano-faz-discurso-na-posse-768x504.jpg 768w, http:\/\/arquivohistoricoacia.com.br\/site\/wp-content\/uploads\/2018\/04\/Deocleciano-faz-discurso-na-posse-1024x672.jpg 1024w, http:\/\/arquivohistoricoacia.com.br\/site\/wp-content\/uploads\/2018\/04\/Deocleciano-faz-discurso-na-posse-600x394.jpg 600w, http:\/\/arquivohistoricoacia.com.br\/site\/wp-content\/uploads\/2018\/04\/Deocleciano-faz-discurso-na-posse.jpg 1800w\" sizes=\"(max-width: 300px) 100vw, 300px\" \/><p id=\"caption-attachment-334\" class=\"wp-caption-text\">Deocleciano faz discurso na posse. 1991.<\/p><\/div>\n<p>BI\u00caNIO 1991 \u2013 1993<\/p>\n<p>No ano de 1991 foram realizadas 40 reuni\u00f5es da Associa\u00e7\u00e3o Comercial e Industrial de An\u00e1polis \u2013 ACIA, ordin\u00e1rias e extraordin\u00e1rias. Sob a presid\u00eancia do Sr. Deocleciano Moreira Alves aconteceram 24 dessas assembl\u00e9ias. Uma, presidida por Gilson Teixeira do Amaral Brito, Joaquim Jos\u00e9 Brand\u00e3o, cinco por Nylson Teixeira e nove por Ridoval Darci Chierelotto.<\/p>\n<p>A freq\u00fc\u00eancia, nesse ano, atingiu um \u00edndice mais elevado, pois registrou 39,31% de presen\u00e7a de associados \u00e0s 40 reuni\u00f5es realizadas.<\/p>\n<p>Todavia, o quadro social que mostrava 1.039 associados em 16 de janeiro caiu para 871 em 3 de dezembro de 1991.<\/p>\n<p>Foi compensador o n\u00famero de guias expedidas para atendimentos m\u00e9dicos. Atrav\u00e9s do INAPS, foram fornecidas 4.965 guias para consultas.<\/p>\n<p>Todavia, o quadro social, que mostrava 1.039 associados em 16 de janeiro caiu para 871 em 4 de dezembro de 199l.<\/p>\n<p>No ano foram admitidos 145 novos associados, por\u00e9m, n\u00e3o se registraram, nas atas, quantos foram desclassifiados.<\/p>\n<p>Para atendimentos particulares o n\u00famero de guias subiu para 7.178.<\/p>\n<p>No setor odontol\u00f3gico foram atendidos 596 clientes, iniciados 297 tratamentos e conclu\u00eddos 246.<\/p>\n<p>J\u00e1 no ano seguinte, 1993, o quadro modificou.<\/p>\n<p>Foram realizadas 45 reuni\u00f5es, ordin\u00e1rias e extraordin\u00e1rias, sendo 39 presididas por Deocleciano Moreira Alves, 02 por Jos\u00e9 Pereira D\u2019Abadia e 04 por Nilson Teixeira.<\/p>\n<p>A freq\u00fc\u00eancia de associados \u00e0s reuni\u00f5es foi de 33,8%. Por\u00e9m, o quadro social apresentou aumento no n\u00famero de associados. As atas registraram que foram admitidos 372 novos s\u00f3cios, e, apenas 68 foram desligados, resultando, em 09 de dezembro de 1992 estarem filiados \u00e0 Associa\u00e7\u00e3o Comercial de An\u00e1polis 1.026 contribuintes, quando eram 871 em dezembro do ano anterior.<\/p>\n<p>Sobre o atendimento m\u00e9dico foram registrados: Guias expedidas para atendimentos por m\u00e9dicos particulares, 4.899 e por interm\u00e9dio do SUS, 984. O Atendimento odontol\u00f3gico mostrou que foram atendidos 730 clientes, iniciados 133 tratamentos e conclu\u00eddos 120.<\/p>\n<p>Ao longo do ano, as atas registraram que foram abordadas e tomadas provid\u00eancias cab\u00edveis sobre os seguintes assuntos:<\/p>\n<p>Extin\u00e7\u00e3o de pontos de embarque de passageiros, fora da Esta\u00e7\u00e3o Rodovi\u00e1ria, a fim de se evitar evas\u00e3o de rendas para essa unidade.<\/p>\n<p>Foi intensificada a campanha contra o desperd\u00edcio de \u00e1gua tratada, apresentando resultados ben\u00e9ficos, pois, houve conscientiza\u00e7\u00e3o de parte da popula\u00e7\u00e3o em poupar o precioso bem.<\/p>\n<p>Empenho, junto ao Governador do Estado, atrav\u00e9s de memoriais e comiss\u00f5es, para se obter recursos para equipamento dos laborat\u00f3rios da Uniana.<\/p>\n<p>Tamb\u00e9m, esfor\u00e7os junto ao Sr. Onofre Quinan, visando a duplica\u00e7\u00e3o da pista da rodovia BR-153, no trecho Goi\u00e2nia \u2013 An\u00e1polis.<\/p>\n<p>Insistentes pedidos, junto ao Sr. Prefeito Municipal, para se reformar o Mercado Municipal.<\/p>\n<p>Empenho para se realizar a Faiana, como meio de mostrarem e propaganda das ind\u00fastrias de An\u00e1polis.<\/p>\n<p>Pormenor que mereceu muito debate e interesse foi sobre a instala\u00e7\u00e3o do Porto-Seco em An\u00e1polis, como meio de promover o desenvolvimento de todo o sistema produtivo da regi\u00e3o e atrativo para obten\u00e7\u00e3o de rendas.<\/p>\n<p>Tamb\u00e9m se cogitou de acompanhar a aprova\u00e7\u00e3o do Novo C\u00f3digo Tribut\u00e1rio do Estado, em andamento na Assembl\u00e9ia Legislativa. Ventilou-se a tese do imposto \u00fanico.<\/p>\n<p>Foi tratada a situa\u00e7\u00e3o do Corpo de Bombeiros, mostrando os associados grandes interesses em ampliar e guarnecer as instala\u00e7\u00f5es do \u00f3rg\u00e3o, para que possa bem cumprir a sua miss\u00e3o.<\/p>\n<p>Mereceu discuss\u00e3o a constru\u00e7\u00e3o do Trevo no cruzamento da Avenida Mato-Grosso com a rodovia federal BR-153. Constru\u00e7\u00e3o do novo F\u00f3rum de An\u00e1polis.<\/p>\n<p>Ressurgiu o assunto sobre se obter a instala\u00e7\u00e3o da Escola T\u00e9cnica Federal e, ainda, recursos para a constru\u00e7\u00e3o de conjuntos habitacionais para atendimento da popula\u00e7\u00e3o mais carente.<\/p>\n<p>Aconteceram debates com os candidatos ao cargo de Prefeito do Munic\u00edpio, senhores Adhemar Santillo e Rubens Otoni.<\/p>\n<p>Mereceu aten\u00e7\u00e3o a visita do Sr. Comandante da Base A\u00e9rea de An\u00e1polis Cel. Aviador S\u00e9rvio Fernandes Martins, que pronunciou substanciosa palestra, delineando os objetivos da Base , que, em futuro, vai se tornar o centro mais importante da aeron\u00e1utica no interior do Brasil.<\/p>\n<p>Por fim, o assunto de todos os fins de ano, a ilumina\u00e7\u00e3o de natal, para embelezamento das ruas e pra\u00e7as da cidade.<\/p>\n","protected":false},"excerpt":{"rendered":"<p>DEOCLECIANO MOREIRA ALVES 27\u00b0 Presidente 03 de mar\u00e7o 1991 a 15 de mar\u00e7o de 1993 Em 03 de mar\u00e7o de 1991, ap\u00f3s as publica\u00e7\u00f5es dos Editais de Convoca\u00e7\u00e3o, na conformidade dos Estatutos, realizou-se as Assembl\u00e9ia Geral da Associa\u00e7\u00e3o Comercial e Industrial de An\u00e1polis &#8211; ACIA, para a elei\u00e7\u00e3o da sua Diretoria e dos Conselhos Administrativo&#8230;<\/p>\n","protected":false},"author":1,"featured_media":0,"parent":0,"menu_order":0,"comment_status":"closed","ping_status":"closed","template":"","meta":{"_s2mail":""},"acf":[],"_links":{"self":[{"href":"http:\/\/arquivohistoricoacia.com.br\/site\/wp-json\/wp\/v2\/pages\/332"}],"collection":[{"href":"http:\/\/arquivohistoricoacia.com.br\/site\/wp-json\/wp\/v2\/pages"}],"about":[{"href":"http:\/\/arquivohistoricoacia.com.br\/site\/wp-json\/wp\/v2\/types\/page"}],"author":[{"embeddable":true,"href":"http:\/\/arquivohistoricoacia.com.br\/site\/wp-json\/wp\/v2\/users\/1"}],"replies":[{"embeddable":true,"href":"http:\/\/arquivohistoricoacia.com.br\/site\/wp-json\/wp\/v2\/comments?post=332"}],"version-history":[{"count":1,"href":"http:\/\/arquivohistoricoacia.com.br\/site\/wp-json\/wp\/v2\/pages\/332\/revisions"}],"predecessor-version":[{"id":337,"href":"http:\/\/arquivohistoricoacia.com.br\/site\/wp-json\/wp\/v2\/pages\/332\/revisions\/337"}],"wp:attachment":[{"href":"http:\/\/arquivohistoricoacia.com.br\/site\/wp-json\/wp\/v2\/media?parent=332"}],"curies":[{"name":"wp","href":"https:\/\/api.w.org\/{rel}","templated":true}]}}