{"id":312,"date":"2018-04-17T23:42:24","date_gmt":"2018-04-18T02:42:24","guid":{"rendered":"http:\/\/arquivohistoricoacia.com.br\/site\/?page_id=312"},"modified":"2018-04-17T23:42:55","modified_gmt":"2018-04-18T02:42:55","slug":"nilson-teixeira","status":"publish","type":"page","link":"http:\/\/arquivohistoricoacia.com.br\/site\/nilson-teixeira\/","title":{"rendered":"NILSON TEIXEIRA"},"content":{"rendered":"<p><img loading=\"lazy\" class=\"size-medium wp-image-307 alignleft\" src=\"http:\/\/arquivohistoricoacia.com.br\/site\/wp-content\/uploads\/2018\/04\/NILSON-TEIXEIRA-210x300.jpg\" alt=\"\" width=\"210\" height=\"300\" srcset=\"http:\/\/arquivohistoricoacia.com.br\/site\/wp-content\/uploads\/2018\/04\/NILSON-TEIXEIRA-210x300.jpg 210w, http:\/\/arquivohistoricoacia.com.br\/site\/wp-content\/uploads\/2018\/04\/NILSON-TEIXEIRA.jpg 220w\" sizes=\"(max-width: 210px) 100vw, 210px\" \/><strong>NILSON TEIXEIRA<\/strong><br \/>\n<strong>23\u00b0 Presidente<\/strong><\/p>\n<p>26 de janeiro de 1983 a 09 de janeiro de 1985<\/p>\n<p>Consta do Livro n\u00ba 9, \u00e0s fls. 39 verso e 43 verso a ata que registra a Ata de elei\u00e7\u00e3o da Diretoria da Associa\u00e7\u00e3o Comercial e Industrial de An\u00e1polis para o per\u00edodo de 1983 a 1984, cujo resultado foi o seguinte:<\/p>\n<p>Ap\u00f3s instalada a Assembl\u00e9ia dos Associados, obedecidas as formalidades estatut\u00e1rias com a publica\u00e7\u00f5es de editais de convoca\u00e7\u00e3o, no dia 26 de janeiro de 1983, no sal\u00e3o nobre da sede da entidade, sob a Presid\u00eancia do Sr. Ruy Abdalla foi instalada a sess\u00e3o.<\/p>\n<p>Em seguida foi indicado o Capit\u00e3o Waldir O\u2019dwyer para presidir a assembl\u00e9ia, que cogitou, inicialmente da discuss\u00e3o e aprova\u00e7\u00e3o das contas da Diretoria que terminava o seu mandato, e logo passou ao processo de vota\u00e7\u00e3o. Segundo o que est\u00e1 escrito, o pleito transcorreu sem incidentes, apurando-se, afinal, que votaram 446 associados, proclamando-se eleitos os seguintes Diretores, componentes da chapa liderada por Nilson Teixeira, Silvio Constante, Wilmar Jardim de Carvalho, Gilson Teixeira do Amaral Brito, Ridoval Darci Chierelotto, Fernando Rabelo, Jalme Fernandes, Jos\u00e9 Marreto, C\u00e1ssio Seixas Pinto Junior, Syrio Quinan, Washington Gomes Barbosa, Wellington Constante, Wilson Silva Rosa, Corn\u00e9lio Pereira Maciel, Dilmar Ferreira, Nassim Miguel, Mardocheu S\u00f3crates Diniz, Maur\u00edcio Veloso, Minervino F. de Oliveira, Paulo Albernaz Rocha, Ant\u00f4nio Jos\u00e9 Brand\u00e3o, M\u00e1rio Floriano Zendron, Waldir O\u2019dwyer, Jo\u00e3o Alberto Martins, T\u00falio Siqueira de Farinha, Ruy Bueno Gomes, Jo\u00e3o Lopes Rabelo, Pedro Moreira dos Santos, Jos\u00e9 Epaminondas Costa, Neiron de Souza e Silva, Ruy Abdalla, Jos\u00e9 Abdalla J\u00fanior, Jovem Rosa de Oliveira, Luiz Ant\u00f4nio de Carvalho, Manoel Vanderik Correia, Massay Oshi Tabata, Ot\u00e1vio de Oliveira Vilas Boas, Paulo de Souza Couto, Paulo Jensen Barbosa, Wlady Camelo Adorno, Wilmar Guimar\u00e3es Junior, Ad\u00e3o Vargas Rodrigues, Ant\u00f4nio Luiz Sanit\u00e1, Edgard Lourencini, Carlos de Oliveira Avila, Carmo Miranda Ribeiro, Deocleciano Moreira Alves, Halim Helou, Jamil Abrah\u00e3o, Jo\u00e3o Batista Machado, Jo\u00e3o Batista de Souza, Em\u00eddio Braz Eur\u00edpedes Costa, Enos Lopes de Mendon\u00e7a, Georges Hajjar, Ivan Rabello, Jair Sp\u00f3sito, Ary de Almeida Oliveira, Euclides Jo\u00e3o Moschini, Fued Tuma, Ronaldo Franchini, Rilmar Jos\u00e9 Gomes. Seguem-se 55 associados, votantes, assinaram a ata.<\/p>\n<p>\u00c0 pagina 44, desse Livro n\u00ba 9, est\u00e1 um lac\u00f4nico Termo de Posse, assim escrito:<\/p>\n<p>\u201cTERMO DE POSSE \u2013 Por este termo com base nos estatutos, o Presidente Ruy Abdalla declara empossado na Presid\u00eancia da Associa\u00e7\u00e3o Comercial e Industrial de An\u00e1polis, o empres\u00e1rio Nylson Teixeira, e membros do Conselho Consultivo e Fiscal, Eleitos pela Assembl\u00e9ia Geral, em 26 de janeiro de 1983, com mandato at\u00e9 fevereiro de 1985.<\/p>\n<p>Assinado Ruy Abdalla<br \/>\nIleg\u00edvel<\/p>\n<p>BI\u00caNIO 1983 \u2013 1984<\/p>\n<p>O bi\u00eanio de 1983 a 1984, da Associa\u00e7\u00e3o Comercial e Industrial de An\u00e1polis, sob a presid\u00eancia do Bacharel Nylson Teixeira foi assinalado pela rotina, sobretudo em decorr\u00eancia da perda de entusiasmo na realiza\u00e7\u00e3o de grandes empreendimentos, e pela troca da administra\u00e7\u00e3o no governo, que resultou na aus\u00eancia de representantes de An\u00e1polis na dire\u00e7\u00e3o da Secretaria de Ind\u00fastria e Comercio e do Goi\u00e1s Industrial, respons\u00e1veis pelo desenvolvimento do nosso Distrito Agro-Industrial.<\/p>\n<p>Alguns assuntos, de natureza dom\u00e9stica, mereceram aten\u00e7\u00f5es dos dirigentes da ACIA. Assim, protestos do Diretor T\u00falio Siqueira Farinha contra as incurs\u00f5es de funcion\u00e1rios da Federa\u00e7\u00e3o do Com\u00e9rcio de Goi\u00e1s tentando aliciar comerciantes para filiarem, diretamente, \u00e0quela entidade.<\/p>\n<p>Reclama\u00e7\u00f5es, constantes, sobre conseguir asfaltamento para a BR \u2013 414, An\u00e1polis, Corumb\u00e1, somente realizado quando o Sr. Onofre Quinan assumiu o governo e assinou a ordem de servi\u00e7o. Do mesmo modo, a melhoria asf\u00e1ltica para as rodovias de An\u00e1polis-Leopoldo de Bulh\u00f5es e Ner\u00f3polis.<\/p>\n<p>Den\u00fancias de que o Secret\u00e1rio da Ind\u00fastria de Goi\u00e1s favorecia a implanta\u00e7\u00e3o do n\u00facleo de industrializa\u00e7\u00e3o em Luzi\u00e2nia, em preju\u00edzo do DAIA, esquecido.<\/p>\n<p>Paralisa\u00e7\u00e3o das obras da Esta\u00e7\u00e3o Rodovi\u00e1ria de An\u00e1polis, s\u00f3 conclu\u00eddas quando Onofre Quinan assumiu o governo.<\/p>\n<p>Por outro lado, durante meses, os comerciantes e industriais de An\u00e1polis padeceram com uma estranha e violenta fiscaliza\u00e7\u00e3o de agentes do Estado, sempre acompanhados de aparato policial. Foram diversos os \u201cmemoriais\u201d enviados \u00e0s autoridades, inclusive alguns entregues, pessoalmente, ao governador Iris Resende.<\/p>\n<p>Na reuni\u00e3o ordin\u00e1ria, realizada no dia 25 de janeiro de 1984, no t\u00f3pico \u201cFiscaliza\u00e7\u00e3o\u201d, assinalado em ata, est\u00e1 escrito:<\/p>\n<p>\u201cPara o Diretor Washington Barbosa, este trabalho fiscal afugenta os investidores da cidade e, para ele, o Governador tem id\u00eantica responsabilidade nessa onda de fiscaliza\u00e7\u00e3o\u201d.<\/p>\n<p>No per\u00edodo a Associa\u00e7\u00e3o manteve volumosa correspond\u00eancia epistolar, redigiu muitos \u201cmanifestos\u201d e n\u00e3o teve maior volume de opera\u00e7\u00f5es, ressentindo-se com a perda de associados.<\/p>\n<p>No ano de 1983 realizou 41 reuni\u00f5es, ordin\u00e1rias e extraordin\u00e1rias, sendo 30, presididas por Nylson Teixeira, 04 por Gilson Teixeira do Amaral Brito, 05 por S\u00edlvio Constante e 02 por Ruy Abdalla.<\/p>\n<p>Foram admitidos apenas 79 novos associados contra 81 desclassificados. A m\u00e9dia dea freq\u00fc\u00eancia dos associados \u00e0s reuni\u00f5es foi de 16,25%.<br \/>\nNo ano seguinte, 1984, foram realizadas 43 reuni\u00f5es, sendo 37 presididas por Nylson Teixeira e 03 pelo Sr. S\u00edlvio Constante. Entraram para a Associa\u00e7\u00e3o 119 novos associados e se retiraram 72. A m\u00e9dia de freq\u00fc\u00eancia foi de 16.08%.<\/p>\n<p>Sobre a administra\u00e7\u00e3o do Dr. Nylson Teixeira, segue o que foi publicado na edi\u00e7\u00e3o n\u00ba. 19, do jornal \u201cFolha Empresarial\u201d, de fevereiro de 1986, em pagina 09.<\/p>\n<p>NILSON TEIXEIRA FALA DE SUA GEST\u00c3O<\/p>\n<p>\u201cQuando, na acanhada An\u00e1polis de 1936, os nossos pioneiros fundavam a Associa\u00e7\u00e3o Comercial, talvez n\u00e3o pudessem imaginar que estavam lan\u00e7ando a semente de um organismo que aos poucos viria tornar-se o mais din\u00e2mico ve\u00edculo de representa\u00e7\u00e3o comunit\u00e1ria do Estado.<\/p>\n<p>O progresso da cidade, nessa metade de s\u00e9culo, foi surpreendente. Passou a constituir-se num dos mais importantes entrepostos comerciais do Centro-Oeste, e entre os catalisadores desse processo de desenvolvimento podemos relacionar a chegada da ferrovia, que transformou An\u00e1polis em ponta-de-lan\u00e7a do avan\u00e7o agropecu\u00e1rio de todo o m\u00e9dio-norte e norte do Estado, dos quais ainda \u00e9 o principal p\u00f3lo de abastecimento e escoamento; o desenvolvimento rodovi\u00e1rio, que a partir da d\u00e9cada de 50, nos ligou por asfalto a todo pa\u00eds; a constru\u00e7\u00e3o do DAIA, que, apesar da profunda recess\u00e3o que nos assola, vem realizando o nosso sonho de industrializa\u00e7\u00e3o.<\/p>\n<p>Nessa din\u00e2mica, verificamos a todo o tempo uma ininterrupta atividade galvanizadora da ACIA, desde seus prim\u00f3rdios her\u00f3icos at\u00e9 os dias de hoje, num trabalho incessante, reivindicando ou apoiando, na costura di\u00e1ria dos problemas e solu\u00e7\u00f5es da vida regional. Trabalho que \u00e9 insens\u00edvel apenas aos descrentes e pessimistas de toda sorte.<\/p>\n<p>H\u00e1 muitos anos, percebendo o valor da entidade para a vida econ\u00f4mica da cidade, passei a participar de suas atividades e, em 1983, estimulado pelos companheiros, assumi a lideran\u00e7a da casa por um dif\u00edcil, mas gratificante per\u00edodo em que, apoiado por uma corajosa diretoria, buscou-se implementar um pretensioso plano de trabalho. Mas, a um objetivo foi dispensado esfor\u00e7o especial: o desenvolvimento industrial. Procuramos n\u00e3o clamar no deserto. \u00c0 medida que o atual Governo resgatou as finan\u00e7as do caos, iniciamos uma insistente reivindica\u00e7\u00e3o para que se criassem instrumentos fiscais e de cr\u00e9dito, capazes de provocar investimentos agroindustriais, sa\u00edda menos penosa para o nosso angustiante estado de vendedores de mat\u00e9ria prima.<\/p>\n<p>Quando o Governo do Estado, em fevereiro de 1985, ao abrir o 1\u00ba. Encontro da Ind\u00fastria e Com\u00e9rcio de An\u00e1polis assinou o decreto de regulamenta\u00e7\u00e3o do FOMENTAR, oferecendo aos investidores condi\u00e7\u00f5es excepcionais para a instala\u00e7\u00e3o de ind\u00fastrias no Estado e, com mais vantagem ainda, no DAIA, mais uma grande vit\u00f3ria podia ser cantada pela ACIA, depois de dois anos de duro trabalho. T\u00ednhamos, enfim, a arma necess\u00e1ria na luta contra a pol\u00edtica de concentra\u00e7\u00e3o econ\u00f4mica, em pr\u00e1tica h\u00e1 d\u00e9cadas, e exacerbada no per\u00edodo autorit\u00e1rio.<\/p>\n<p>Voltam ent\u00e3o o Estado e, de forma especial, An\u00e1polis a receberem os investimentos necess\u00e1rios. Hoje, ap\u00f3s um ano, o FOMENTAR j\u00e1 aprovou mais de 50 projetos industriais, dos quais 15 est\u00e3o instalando-se aqui, numa demonstra\u00e7\u00e3o de que um futuro promissor nos aguarda e aos nossos filhos, desde que a coragem e o descortino dos pioneiros de 1936 continuem a modelar nossa faina.\u201d<\/p>\n","protected":false},"excerpt":{"rendered":"<p>NILSON TEIXEIRA 23\u00b0 Presidente 26 de janeiro de 1983 a 09 de janeiro de 1985 Consta do Livro n\u00ba 9, \u00e0s fls. 39 verso e 43 verso a ata que registra a Ata de elei\u00e7\u00e3o da Diretoria da Associa\u00e7\u00e3o Comercial e Industrial de An\u00e1polis para o per\u00edodo de 1983 a 1984, cujo resultado foi o&#8230;<\/p>\n","protected":false},"author":1,"featured_media":0,"parent":0,"menu_order":0,"comment_status":"closed","ping_status":"closed","template":"","meta":{"_s2mail":""},"acf":[],"_links":{"self":[{"href":"http:\/\/arquivohistoricoacia.com.br\/site\/wp-json\/wp\/v2\/pages\/312"}],"collection":[{"href":"http:\/\/arquivohistoricoacia.com.br\/site\/wp-json\/wp\/v2\/pages"}],"about":[{"href":"http:\/\/arquivohistoricoacia.com.br\/site\/wp-json\/wp\/v2\/types\/page"}],"author":[{"embeddable":true,"href":"http:\/\/arquivohistoricoacia.com.br\/site\/wp-json\/wp\/v2\/users\/1"}],"replies":[{"embeddable":true,"href":"http:\/\/arquivohistoricoacia.com.br\/site\/wp-json\/wp\/v2\/comments?post=312"}],"version-history":[{"count":1,"href":"http:\/\/arquivohistoricoacia.com.br\/site\/wp-json\/wp\/v2\/pages\/312\/revisions"}],"predecessor-version":[{"id":313,"href":"http:\/\/arquivohistoricoacia.com.br\/site\/wp-json\/wp\/v2\/pages\/312\/revisions\/313"}],"wp:attachment":[{"href":"http:\/\/arquivohistoricoacia.com.br\/site\/wp-json\/wp\/v2\/media?parent=312"}],"curies":[{"name":"wp","href":"https:\/\/api.w.org\/{rel}","templated":true}]}}