{"id":28,"date":"2018-04-17T22:45:10","date_gmt":"2018-04-18T01:45:10","guid":{"rendered":"http:\/\/arquivohistoricoacia.com.br\/site\/?page_id=28"},"modified":"2018-04-17T22:45:10","modified_gmt":"2018-04-18T01:45:10","slug":"ilion-fleury","status":"publish","type":"page","link":"http:\/\/arquivohistoricoacia.com.br\/site\/ilion-fleury\/","title":{"rendered":"ILION FLEURY"},"content":{"rendered":"<p><img loading=\"lazy\" class=\"wp-image-29 size-full alignleft\" src=\"http:\/\/arquivohistoricoacia.com.br\/site\/wp-content\/uploads\/2018\/04\/ILION-FLEURY.jpg\" alt=\"\" width=\"220\" height=\"314\" srcset=\"http:\/\/arquivohistoricoacia.com.br\/site\/wp-content\/uploads\/2018\/04\/ILION-FLEURY.jpg 220w, http:\/\/arquivohistoricoacia.com.br\/site\/wp-content\/uploads\/2018\/04\/ILION-FLEURY-210x300.jpg 210w\" sizes=\"(max-width: 220px) 100vw, 220px\" \/><br \/>\n<strong>ILION FLEURY<\/strong><\/p>\n<p><strong>14\u00b0 Presidente<\/strong><\/p>\n<p>06 de junho de 1965 a 21 de janeiro de 1967<\/p>\n<p>O Sr. Ilion Fleury tomou posse em sess\u00e3o presidida pelo Sr. Waldir O\u2019dwyer, em 21 de janeiro de 1966, em raz\u00e3o da ren\u00fancia do Presidente Augusto de Oliveira e Souza.<\/p>\n<p>Na sess\u00e3o seguinte, de 11 de fevereiro de 1966, na conformidade do artigo 26, dos Estatutos da Associa\u00e7\u00e3o, nomeou o Sr. Geraldo Rosa para o cargo de Vice-Presidente, que ficara vago com a sua sa\u00edda para ocupar a Presid\u00eancia.<\/p>\n<p>A terceira reuni\u00e3o ocorreu em 17 de fevereiro, quando foi apresentado o Sr. Oscar Luiz de Oliveira para os servi\u00e7os de Secretaria, estipulando-se o sal\u00e1rio de CR$100.000 mensais.<\/p>\n<p>Outra reuni\u00e3o aconteceu em 25 de fevereiro, o assunto principal foi o asfaltamento da estrada federal An\u00e1polis \u2013 Jaragu\u00e1, j\u00e1 que haviam se iniciados os trabalhos para o asfaltamento da liga\u00e7\u00e3o Goi\u00e2nia, Ner\u00f3polis, Petrolina, S\u00e3o Francisco, Jaragu\u00e1 que prejudicaria a nossa cidade.<\/p>\n<p>Na quinta reuni\u00e3o foi tratado o assunto da fiscaliza\u00e7\u00e3o excessiva e abusiva dos agentes do Estado.<\/p>\n<p>A reuni\u00e3o ocorrida em 25 de mar\u00e7o, desse ano, marca a visita do Sr. Comandante da Base A\u00e9rea de Bras\u00edlia, que comparece com finalidade de vistoriar o nosso Aeroporto, para transform\u00e1-lo em uma unidade da Aeron\u00e1utica. Reacende as discuss\u00f5es sobre os abusos da fiscaliza\u00e7\u00e3o estadual, sobretudo sobre os cerealistas.<\/p>\n<p>Na s\u00e9tima reuni\u00e3o o Sr. Haikal Helou apresentou proposta para se estudar os meios para a edifica\u00e7\u00e3o da nova sede, cujo terreno estava alugado \u00e0 firma C. C. Autom\u00f3veis.<\/p>\n<p>Durante o seu tempo, como Presidente, o Sr. Ilion Fleury realizou mais 20 (vinte) reuni\u00f5es, onde sempre apareceu como fator perturbador da vida dos comerciantes a a\u00e7\u00e3o dr\u00e1stica e abusiva dos fiscais estaduais. Cria\u00e7\u00e3o do Conselho de Contribuintes, obedi\u00eancia ao tabelamento de pre\u00e7os pela SUNAB, funcionamento do Col\u00e9gio Comercial no pr\u00e9dio do SENAC, cujo terreno lhe foi doado com a condi\u00e7\u00e3o de ali funcionar a dita escola. A situa\u00e7\u00e3o do com\u00e9rcio local, frente \u00e0 fiscaliza\u00e7\u00e3o, mantendo fiscais nas portas dos comerciantes, causou revolta e preocupa\u00e7\u00e3o de toda a classe.<\/p>\n<p>Aprovou a nomea\u00e7\u00e3o do Professor Jo\u00e3o Jorge para o cargo de Diretor do Col\u00e9gio Estadual Jos\u00e9 Ludovico de Almeida.<\/p>\n<p>Provocou a reuni\u00e3o conjunta com os fiscais da Secretaria, da Sunab e Comerciantes, tentando chegar a um denominador comum para se evitar as lavraturas de tantas multas, at\u00e9 absurdas, sem as cautelas legais. Essa provid\u00eancia produziu resultados porque os comerciantes, donos de armaz\u00e9ns, mais movimentados, ficaram livres de policiais, armados com fuzis, postados em frente \u00e0s portas dos estabelecimentos.<\/p>\n<p>Outro assunto pendente foi a inten\u00e7\u00e3o da Diretoria do SESC\/SENAC, de Goi\u00e2nia, pretender a retomada do pr\u00e9dio, na parte ocupada pelo Col\u00e9gio Comercial, que ali se instalou, mediante conv\u00eanio, com a Prefeitura que lhe cedeu o terreno com a garantia do funcionamento da escola, no pr\u00e9dio, ainda em proje\u00e7\u00e3o.<\/p>\n<p>Tamb\u00e9m, houve empenho para o funcionamento do Conselho de Contribuintes do Estado de Goi\u00e1s, embora criado por lei, tardava em entrar em a\u00e7\u00e3o. Tal \u00f3rg\u00e3o serviria, naturalmente, como um meio para aprecia\u00e7\u00e3o de recursos, nas quest\u00f5es administrativas, tendo, sempre, representantes dos contribuintes a defend\u00ea-los.<\/p>\n<p>Foi curta a administra\u00e7\u00e3o do Sr. Ilion Fleury, mas n\u00e3o desmereceu a sua a\u00e7\u00e3o, num per\u00edodo tumultuado pela a\u00e7\u00e3o abusiva dos agentes da fiscaliza\u00e7\u00e3o.<\/p>\n","protected":false},"excerpt":{"rendered":"<p>ILION FLEURY 14\u00b0 Presidente 06 de junho de 1965 a 21 de janeiro de 1967 O Sr. Ilion Fleury tomou posse em sess\u00e3o presidida pelo Sr. Waldir O\u2019dwyer, em 21 de janeiro de 1966, em raz\u00e3o da ren\u00fancia do Presidente Augusto de Oliveira e Souza. Na sess\u00e3o seguinte, de 11 de fevereiro de 1966, na&#8230;<\/p>\n","protected":false},"author":1,"featured_media":0,"parent":0,"menu_order":0,"comment_status":"closed","ping_status":"closed","template":"","meta":{"_s2mail":""},"acf":[],"_links":{"self":[{"href":"http:\/\/arquivohistoricoacia.com.br\/site\/wp-json\/wp\/v2\/pages\/28"}],"collection":[{"href":"http:\/\/arquivohistoricoacia.com.br\/site\/wp-json\/wp\/v2\/pages"}],"about":[{"href":"http:\/\/arquivohistoricoacia.com.br\/site\/wp-json\/wp\/v2\/types\/page"}],"author":[{"embeddable":true,"href":"http:\/\/arquivohistoricoacia.com.br\/site\/wp-json\/wp\/v2\/users\/1"}],"replies":[{"embeddable":true,"href":"http:\/\/arquivohistoricoacia.com.br\/site\/wp-json\/wp\/v2\/comments?post=28"}],"version-history":[{"count":1,"href":"http:\/\/arquivohistoricoacia.com.br\/site\/wp-json\/wp\/v2\/pages\/28\/revisions"}],"predecessor-version":[{"id":30,"href":"http:\/\/arquivohistoricoacia.com.br\/site\/wp-json\/wp\/v2\/pages\/28\/revisions\/30"}],"wp:attachment":[{"href":"http:\/\/arquivohistoricoacia.com.br\/site\/wp-json\/wp\/v2\/media?parent=28"}],"curies":[{"name":"wp","href":"https:\/\/api.w.org\/{rel}","templated":true}]}}